{"id":4757,"date":"2019-03-14T14:06:58","date_gmt":"2019-03-14T12:06:58","guid":{"rendered":"http:\/\/mappourides.com\/?page_id=4757"},"modified":"2020-10-05T09:52:49","modified_gmt":"2020-10-05T06:52:49","slug":"nea","status":"publish","type":"page","link":"https:\/\/mappourides.com\/tr\/nea\/","title":{"rendered":"YEN\u0130L\u0130KLER"},"content":{"rendered":"\n<style type=\"text\/css\" data-created_by=\"avia_inline_auto\" id=\"style-css-av-jpwoweh2-b31b5b3f3e6ec606254249e53ec9688a\">\n.avia-section.av-jpwoweh2-b31b5b3f3e6ec606254249e53ec9688a{\nbackground-repeat:no-repeat;\nbackground-image:url(https:\/\/mappourides.com\/wp-content\/uploads\/home_img.jpg);\nbackground-position:0% 0%;\nbackground-attachment:scroll;\n}\n<\/style>\n<div id='av_section_1'  class='avia-section av-jpwoweh2-b31b5b3f3e6ec606254249e53ec9688a main_color avia-section-default avia-no-border-styling  avia-builder-el-0  el_before_av_section  avia-builder-el-first  avia-bg-style-scroll av-minimum-height av-minimum-height-75 av-height-75  container_wrap sidebar_right'  data-section-bg-repeat='no-repeat' data-av_minimum_height_pc='75' data-av_min_height_opt='75'><div class='container av-section-cont-open' ><main  role=\"main\" itemprop=\"mainContentOfPage\"  class='template-page content  av-content-small alpha units'><div class='post-entry post-entry-type-page post-entry-4757'><div class='entry-content-wrapper clearfix'>\n<\/div><\/div><\/main><!-- close content main element --><\/div><\/div>\n<style type=\"text\/css\" data-created_by=\"avia_inline_auto\" id=\"style-css-av-jpwps8a5-79047b6a318bd7ddc3be536be9eaefe2\">\n.avia-section.av-jpwps8a5-79047b6a318bd7ddc3be536be9eaefe2{\nbackground-color:#ffffff;\nbackground-image:unset;\n}\n<\/style>\n<div id='av_section_2'  class='avia-section av-jpwps8a5-79047b6a318bd7ddc3be536be9eaefe2 main_color avia-section-default avia-no-border-styling  avia-builder-el-1  el_after_av_section  avia-builder-el-last  avia-bg-style-scroll container_wrap sidebar_right'  ><div class='container av-section-cont-open' ><div class='template-page content  av-content-small alpha units'><div class='post-entry post-entry-type-page post-entry-4757'><div class='entry-content-wrapper clearfix'>\n\n<style type=\"text\/css\" data-created_by=\"avia_inline_auto\" id=\"style-css-av-kfw6i5ia-21bedf34d6e9faec76315ff95c2efdb1\">\n#top .av-special-heading.av-kfw6i5ia-21bedf34d6e9faec76315ff95c2efdb1{\npadding-bottom:30px;\n}\nbody .av-special-heading.av-kfw6i5ia-21bedf34d6e9faec76315ff95c2efdb1 .av-special-heading-tag .heading-char{\nfont-size:25px;\n}\n.av-special-heading.av-kfw6i5ia-21bedf34d6e9faec76315ff95c2efdb1 .av-subheading{\nfont-size:15px;\n}\n<\/style>\n<div  class='av-special-heading av-kfw6i5ia-21bedf34d6e9faec76315ff95c2efdb1 av-special-heading-h2 blockquote modern-quote modern-centered  avia-builder-el-2  el_before_av_blog  avia-builder-el-first  av-linked-heading'><h2 class='av-special-heading-tag '  itemprop=\"headline\"  >YEN\u0130L\u0130KLER<\/h2><div class=\"special-heading-border\"><div class=\"special-heading-inner-border\"><\/div><\/div><\/div>\n<div  class='av-alb-blogposts template-blog  av-blog-meta-author-disabled av-blog-meta-comments-disabled av-blog-meta-category-disabled av-blog-meta-html-info-disabled av-blog-meta-tag-disabled av_force_fullwidth '  itemscope=\"itemscope\" itemtype=\"https:\/\/schema.org\/Blog\" ><article class=\"post-entry post-entry-type-standard post-entry-5271 post-loop-1 post-parity-odd bloglist-excerpt  post-5271 post type-post status-publish format-standard hentry category-yenilikler\"  itemscope=\"itemscope\" itemtype=\"https:\/\/schema.org\/BlogPosting\" ><div class=\"blog-meta\"><\/div><div class='entry-content-wrapper clearfix standard-content'><header class=\"entry-content-header\" aria-label=\"Post: THOMAIDES A\u0130LES\u0130N\u0130N MA\u011eUSA\u2019DAK\u0130 M\u00dcLK SAH\u0130PL\u0130\u011e\u0130 GEREK\u00c7ES\u0130YLE ATAO\u011eLU A\u0130LES\u0130 ALEYH\u0130NE YAPILAN HAK TALEB\u0130\"><h2 class='post-title entry-title '  itemprop=\"headline\" ><a href=\"https:\/\/mappourides.com\/tr\/thomaides-ailesinin-magusadaki-mulk-sahipligi-gerekcesiyle-ataoglu-ailesi-aleyhine-yapilan-hak-talebi\/\" rel=\"bookmark\" title=\"Kal\u0131c\u0131 Link: THOMAIDES A\u0130LES\u0130N\u0130N MA\u011eUSA\u2019DAK\u0130 M\u00dcLK SAH\u0130PL\u0130\u011e\u0130 GEREK\u00c7ES\u0130YLE ATAO\u011eLU A\u0130LES\u0130 ALEYH\u0130NE YAPILAN HAK TALEB\u0130\">THOMAIDES A\u0130LES\u0130N\u0130N MA\u011eUSA\u2019DAK\u0130 M\u00dcLK SAH\u0130PL\u0130\u011e\u0130 GEREK\u00c7ES\u0130YLE ATAO\u011eLU A\u0130LES\u0130 ALEYH\u0130NE YAPILAN HAK TALEB\u0130<span class=\"post-format-icon minor-meta\"><\/span><\/a><\/h2><\/header><span class=\"post-meta-infos\"><time class=\"date-container minor-meta updated\"  itemprop=\"datePublished\" datetime=\"2020-02-14T13:20:50+02:00\" >14 \u015eubat 2020<\/time><\/span><p>Thomaides ailesinin Fikri Atao\u011flu ve ailesi aleyhine getirmi\u015f oldu\u011fu 2019 y\u0131l\u0131n\u0131n 187 numaral\u0131 hukuk davas\u0131 ispat-\u0131 v\u00fccut i\u00e7in daval\u0131lar\u0131n g\u0131yab\u0131nda 12 \u015eubat 2020 tarihine g\u00fcn verilmi\u015fti. Bir \u00f6nceki g\u00fcn 11 \u015eubat tarihinde, de\u011ferli meslekta\u015f\u0131m\u0131z Ula\u015f Naz\u0131m ispat-\u0131 v\u00fcc\u00fct dosyalayaca\u011f\u0131 konusunda bizi bilgilendirmi\u015fti ve akabinde davaya gerekli haz\u0131rl\u0131klar\u0131 yapabilmesi ad\u0131na yeterli zaman verilmesi i\u00e7in dava 18 [&hellip;]<\/p>\n<div class=\"read-more-link\"><a href=\"https:\/\/mappourides.com\/tr\/thomaides-ailesinin-magusadaki-mulk-sahipligi-gerekcesiyle-ataoglu-ailesi-aleyhine-yapilan-hak-talebi\/\" class=\"more-link\">Devam\u0131n\u0131 Oku<span class='more-link-arrow avia-svg-icon avia-font-svg_entypo-fontello' data-av_svg_icon='right-open-big' data-av_iconset='svg_entypo-fontello'><svg version=\"1.1\" xmlns=\"http:\/\/www.w3.org\/2000\/svg\" width=\"15\" height=\"32\" viewBox=\"0 0 15 32\" preserveAspectRatio=\"xMidYMid meet\" role=\"graphics-symbol\" aria-hidden=\"true\">\n<path d=\"M0.416 27.84l11.456-11.84-11.456-11.904q-0.832-0.832 0-1.536 0.832-0.832 1.536 0l12.544 12.608q0.768 0.832 0 1.6l-12.544 12.608q-0.704 0.832-1.536 0-0.832-0.704 0-1.536z\"><\/path>\n<\/svg><\/span><\/a><\/div><footer class=\"entry-footer\"><\/footer><div class='post_delimiter'><\/div><\/div><div class=\"post_author_timeline\"><\/div><span class='hidden'>\n\t\t\t\t<span class='av-structured-data'  itemprop=\"image\" itemscope=\"itemscope\" itemtype=\"https:\/\/schema.org\/ImageObject\" >\n\t\t\t\t\t\t<span itemprop='url'>http:\/\/mappourides.com\/wp-content\/uploads\/logo_en.png<\/span>\n\t\t\t\t\t\t<span itemprop='height'>0<\/span>\n\t\t\t\t\t\t<span itemprop='width'>0<\/span>\n\t\t\t\t<\/span>\n\t\t\t\t<span class='av-structured-data'  itemprop=\"publisher\" itemtype=\"https:\/\/schema.org\/Organization\" itemscope=\"itemscope\" >\n\t\t\t\t\t\t<span itemprop='name'>Giorgos Panayi<\/span>\n\t\t\t\t\t\t<span itemprop='logo' itemscope itemtype='https:\/\/schema.org\/ImageObject'>\n\t\t\t\t\t\t\t<span itemprop='url'>http:\/\/mappourides.com\/wp-content\/uploads\/logo_en.png<\/span>\n\t\t\t\t\t\t<\/span>\n\t\t\t\t<\/span><span class='av-structured-data'  itemprop=\"author\" itemscope=\"itemscope\" itemtype=\"https:\/\/schema.org\/Person\" ><span itemprop='name'>Giorgos Panayi<\/span><\/span><span class='av-structured-data'  itemprop=\"datePublished\" datetime=\"2020-02-14T13:20:50+02:00\" >2020-02-14 13:20:50<\/span><span class='av-structured-data'  itemprop=\"dateModified\" itemtype=\"https:\/\/schema.org\/dateModified\" >2020-02-14 13:20:50<\/span><span class='av-structured-data'  itemprop=\"mainEntityOfPage\" itemtype=\"https:\/\/schema.org\/mainEntityOfPage\" ><span itemprop='name'>THOMAIDES A\u0130LES\u0130N\u0130N MA\u011eUSA\u2019DAK\u0130 M\u00dcLK SAH\u0130PL\u0130\u011e\u0130 GEREK\u00c7ES\u0130YLE ATAO\u011eLU A\u0130LES\u0130 ALEYH\u0130NE YAPILAN HAK TALEB\u0130<\/span><\/span><\/span><\/article><article class=\"post-entry post-entry-type-standard post-entry-5179 post-loop-2 post-parity-even post-entry-last bloglist-excerpt  post-5179 post type-post status-publish format-standard hentry category-yenilikler\"  itemscope=\"itemscope\" itemtype=\"https:\/\/schema.org\/BlogPosting\" ><div class=\"blog-meta\"><\/div><div class='entry-content-wrapper clearfix standard-content'><header class=\"entry-content-header\" aria-label=\"Post: Sosyal medyada ifade \u00f6zg\u00fcrl\u00fc\u011f\u00fcnde yeni bir devir (C-18\/18 Eva Glawischnig-Piesczek v Facebook Ireland Limited)\"><h2 class='post-title entry-title '  itemprop=\"headline\" ><a href=\"https:\/\/mappourides.com\/tr\/sosyal-medyada-ifade-ozgurlugunde-yeni-bir-devir-c-18-18-eva-glawischnig-piesczek-v-facebook-ireland-limited\/\" rel=\"bookmark\" title=\"Kal\u0131c\u0131 Link: Sosyal medyada ifade \u00f6zg\u00fcrl\u00fc\u011f\u00fcnde yeni bir devir (C-18\/18 Eva Glawischnig-Piesczek v Facebook Ireland Limited)\">Sosyal medyada ifade \u00f6zg\u00fcrl\u00fc\u011f\u00fcnde yeni bir devir (C-18\/18 Eva Glawischnig-Piesczek v Facebook Ireland Limited)<span class=\"post-format-icon minor-meta\"><\/span><\/a><\/h2><\/header><span class=\"post-meta-infos\"><time class=\"date-container minor-meta updated\"  itemprop=\"datePublished\" datetime=\"2019-10-16T10:09:27+03:00\" >16 Ekim 2019<\/time><\/span><p>Sosyal medyada ifade \u00f6zg\u00fcrl\u00fc\u011f\u00fcnde yeni bir devir (C-18\/18 Eva Glawischnig-Piesczek v Facebook Ireland Limited) Avrupa Adalet Divan\u0131, 3 Ekim 2019 tarihinde C-18\/18 numaral\u0131 Eva Glawischnig-Piesczek v Facebook Ireland Limited davas\u0131nda ald\u0131\u011f\u0131 \u00f6n karar neticesinde ifade \u00f6zg\u00fcrl\u00fc\u011f\u00fc, bili\u015fim hizmetleri ve arac\u0131 hizmet sa\u011flay\u0131c\u0131lar\u0131n\u0131n y\u00fck\u00fcml\u00fcl\u00fckleri \u00fczerindeki mevcut olan alg\u0131da b\u00fcy\u00fck oranda de\u011fi\u015fikli\u011fe neden olmu\u015ftur. Adalet Divan\u0131, Avusturya [&hellip;]<\/p>\n<div class=\"read-more-link\"><a href=\"https:\/\/mappourides.com\/tr\/sosyal-medyada-ifade-ozgurlugunde-yeni-bir-devir-c-18-18-eva-glawischnig-piesczek-v-facebook-ireland-limited\/\" class=\"more-link\">Devam\u0131n\u0131 Oku<span class='more-link-arrow avia-svg-icon avia-font-svg_entypo-fontello' data-av_svg_icon='right-open-big' data-av_iconset='svg_entypo-fontello'><svg version=\"1.1\" xmlns=\"http:\/\/www.w3.org\/2000\/svg\" width=\"15\" height=\"32\" viewBox=\"0 0 15 32\" preserveAspectRatio=\"xMidYMid meet\" role=\"graphics-symbol\" aria-hidden=\"true\">\n<path d=\"M0.416 27.84l11.456-11.84-11.456-11.904q-0.832-0.832 0-1.536 0.832-0.832 1.536 0l12.544 12.608q0.768 0.832 0 1.6l-12.544 12.608q-0.704 0.832-1.536 0-0.832-0.704 0-1.536z\"><\/path>\n<\/svg><\/span><\/a><\/div><footer class=\"entry-footer\"><\/footer><div class='post_delimiter'><\/div><\/div><div class=\"post_author_timeline\"><\/div><span class='hidden'>\n\t\t\t\t<span class='av-structured-data'  itemprop=\"image\" itemscope=\"itemscope\" itemtype=\"https:\/\/schema.org\/ImageObject\" >\n\t\t\t\t\t\t<span itemprop='url'>http:\/\/mappourides.com\/wp-content\/uploads\/logo_en.png<\/span>\n\t\t\t\t\t\t<span itemprop='height'>0<\/span>\n\t\t\t\t\t\t<span itemprop='width'>0<\/span>\n\t\t\t\t<\/span>\n\t\t\t\t<span class='av-structured-data'  itemprop=\"publisher\" itemtype=\"https:\/\/schema.org\/Organization\" itemscope=\"itemscope\" >\n\t\t\t\t\t\t<span itemprop='name'>Berk Ghokan<\/span>\n\t\t\t\t\t\t<span itemprop='logo' itemscope itemtype='https:\/\/schema.org\/ImageObject'>\n\t\t\t\t\t\t\t<span itemprop='url'>http:\/\/mappourides.com\/wp-content\/uploads\/logo_en.png<\/span>\n\t\t\t\t\t\t<\/span>\n\t\t\t\t<\/span><span class='av-structured-data'  itemprop=\"author\" itemscope=\"itemscope\" itemtype=\"https:\/\/schema.org\/Person\" ><span itemprop='name'>Berk Ghokan<\/span><\/span><span class='av-structured-data'  itemprop=\"datePublished\" datetime=\"2019-10-16T10:09:27+03:00\" >2019-10-16 10:09:27<\/span><span class='av-structured-data'  itemprop=\"dateModified\" itemtype=\"https:\/\/schema.org\/dateModified\" >2019-10-16 10:34:56<\/span><span class='av-structured-data'  itemprop=\"mainEntityOfPage\" itemtype=\"https:\/\/schema.org\/mainEntityOfPage\" ><span itemprop='name'>Sosyal medyada ifade \u00f6zg\u00fcrl\u00fc\u011f\u00fcnde yeni bir devir (C-18\/18 Eva Glawischnig-Piesczek v Facebook Ireland Limited)<\/span><\/span><\/span><\/article><div class='bloglist-excerpt'><\/div><\/div>\n<\/div><\/div><\/div><!-- close content main div --><\/div><\/div><div id='after_section_2'  class='main_color av_default_container_wrap container_wrap sidebar_right'  ><div class='container av-section-cont-open' ><div class='template-page content  av-content-small alpha units'><div class='post-entry post-entry-type-page post-entry-4757'><div class='entry-content-wrapper clearfix'>\n","protected":false},"excerpt":{"rendered":"","protected":false},"author":1,"featured_media":0,"parent":0,"menu_order":13,"comment_status":"closed","ping_status":"closed","template":"","meta":{"footnotes":""},"class_list":["post-4757","page","type-page","status-publish","hentry"],"_links":{"self":[{"href":"https:\/\/mappourides.com\/tr\/wp-json\/wp\/v2\/pages\/4757","targetHints":{"allow":["GET"]}}],"collection":[{"href":"https:\/\/mappourides.com\/tr\/wp-json\/wp\/v2\/pages"}],"about":[{"href":"https:\/\/mappourides.com\/tr\/wp-json\/wp\/v2\/types\/page"}],"author":[{"embeddable":true,"href":"https:\/\/mappourides.com\/tr\/wp-json\/wp\/v2\/users\/1"}],"replies":[{"embeddable":true,"href":"https:\/\/mappourides.com\/tr\/wp-json\/wp\/v2\/comments?post=4757"}],"version-history":[{"count":5,"href":"https:\/\/mappourides.com\/tr\/wp-json\/wp\/v2\/pages\/4757\/revisions"}],"predecessor-version":[{"id":5283,"href":"https:\/\/mappourides.com\/tr\/wp-json\/wp\/v2\/pages\/4757\/revisions\/5283"}],"wp:attachment":[{"href":"https:\/\/mappourides.com\/tr\/wp-json\/wp\/v2\/media?parent=4757"}],"curies":[{"name":"wp","href":"https:\/\/api.w.org\/{rel}","templated":true}]}}