{"id":4756,"date":"2019-03-14T14:06:51","date_gmt":"2019-03-14T12:06:51","guid":{"rendered":"http:\/\/mappourides.com\/?page_id=4756"},"modified":"2019-07-24T16:17:53","modified_gmt":"2019-07-24T13:17:53","slug":"i-omada-mas","status":"publish","type":"page","link":"https:\/\/mappourides.com\/tr\/i-omada-mas\/","title":{"rendered":"EK\u0130B\u0130M\u0130Z"},"content":{"rendered":"\n<style type=\"text\/css\" data-created_by=\"avia_inline_auto\" id=\"style-css-av-jpwoweh2-b31b5b3f3e6ec606254249e53ec9688a\">\n.avia-section.av-jpwoweh2-b31b5b3f3e6ec606254249e53ec9688a{\nbackground-repeat:no-repeat;\nbackground-image:url(https:\/\/mappourides.com\/wp-content\/uploads\/home_img.jpg);\nbackground-position:0% 0%;\nbackground-attachment:scroll;\n}\n<\/style>\n<div id='av_section_1'  class='avia-section av-jpwoweh2-b31b5b3f3e6ec606254249e53ec9688a main_color avia-section-default avia-no-border-styling  avia-builder-el-0  el_before_av_section  avia-builder-el-first  avia-bg-style-scroll av-minimum-height av-minimum-height-75 av-height-75  container_wrap sidebar_right'  data-section-bg-repeat='no-repeat' data-av_minimum_height_pc='75' data-av_min_height_opt='75'><div class='container av-section-cont-open' ><main  role=\"main\" itemprop=\"mainContentOfPage\"  class='template-page content  av-content-small alpha units'><div class='post-entry post-entry-type-page post-entry-4756'><div class='entry-content-wrapper clearfix'>\n<\/div><\/div><\/main><!-- close content main element --><\/div><\/div>\n<style type=\"text\/css\" data-created_by=\"avia_inline_auto\" id=\"style-css-av-jpwps8a5-79047b6a318bd7ddc3be536be9eaefe2\">\n.avia-section.av-jpwps8a5-79047b6a318bd7ddc3be536be9eaefe2{\nbackground-color:#ffffff;\nbackground-image:unset;\n}\n<\/style>\n<div id='av_section_2'  class='avia-section av-jpwps8a5-79047b6a318bd7ddc3be536be9eaefe2 main_color avia-section-default avia-no-border-styling  avia-builder-el-1  el_after_av_section  el_before_av_section  avia-bg-style-scroll container_wrap sidebar_right'  ><div class='container av-section-cont-open' ><div class='template-page content  av-content-small alpha units'><div class='post-entry post-entry-type-page post-entry-4756'><div class='entry-content-wrapper clearfix'>\n\n<style type=\"text\/css\" data-created_by=\"avia_inline_auto\" id=\"style-css-av-junrgnaw-c1a2b36d62074c64ca4da1cb4bfe133b\">\n#top .av-special-heading.av-junrgnaw-c1a2b36d62074c64ca4da1cb4bfe133b{\npadding-bottom:0;\n}\nbody .av-special-heading.av-junrgnaw-c1a2b36d62074c64ca4da1cb4bfe133b .av-special-heading-tag .heading-char{\nfont-size:25px;\n}\n.av-special-heading.av-junrgnaw-c1a2b36d62074c64ca4da1cb4bfe133b .av-subheading{\nfont-size:15px;\n}\n<\/style>\n<div  class='av-special-heading av-junrgnaw-c1a2b36d62074c64ca4da1cb4bfe133b av-special-heading-h2 blockquote modern-quote modern-centered  avia-builder-el-2  avia-builder-el-no-sibling '><h2 class='av-special-heading-tag '  itemprop=\"headline\"  >EK\u0130B\u0130M\u0130Z<\/h2><div class=\"special-heading-border\"><div class=\"special-heading-inner-border\"><\/div><\/div><\/div>\n\n<\/div><\/div><\/div><!-- close content main div --><\/div><\/div>\n<style type=\"text\/css\" data-created_by=\"avia_inline_auto\" id=\"style-css-av-jq6oengo-22d8e60d46bf9e1a4937d9681f3a8a43\">\n.avia-section.av-jq6oengo-22d8e60d46bf9e1a4937d9681f3a8a43{\nbackground-color:#ffffff;\nbackground-image:unset;\n}\n<\/style>\n<div id='people1'  class='avia-section av-jq6oengo-22d8e60d46bf9e1a4937d9681f3a8a43 main_color avia-section-default avia-no-border-styling  avia-builder-el-3  el_after_av_section  el_before_av_section  avia-bg-style-scroll container_wrap sidebar_right'  ><div class='container av-section-cont-open' ><div class='template-page content  av-content-small alpha units'><div class='post-entry post-entry-type-page post-entry-4756'><div class='entry-content-wrapper clearfix'>\n\n<style type=\"text\/css\" data-created_by=\"avia_inline_auto\" id=\"style-css-av-aysevi-bb2f8c79f6fcbc61f9f0362fcf5b82e4\">\n.flex_column.av-aysevi-bb2f8c79f6fcbc61f9f0362fcf5b82e4{\nborder-radius:0px 0px 0px 0px;\npadding:0px 0px 0px 0px;\n}\n<\/style>\n<div  class='flex_column av-aysevi-bb2f8c79f6fcbc61f9f0362fcf5b82e4 av_one_full  avia-builder-el-4  avia-builder-el-no-sibling  first flex_column_div av-zero-column-padding  '     ><div  class='av_promobox av-jq6obxp7-b65960d403d3c2bf373d73e1deaddeb9 avia-button-no  avia-builder-el-5  avia-builder-el-no-sibling '><div class='avia-promocontent'><p>\n<img loading=\"lazy\" decoding=\"async\" class=\"size-full wp-image-4377 alignleft\" src=\"http:\/\/mappourides.com\/wp-content\/uploads\/team1.png\" alt=\"\" width=\"184\" height=\"184\" srcset=\"https:\/\/mappourides.com\/wp-content\/uploads\/team1.png 184w, https:\/\/mappourides.com\/wp-content\/uploads\/team1-150x150.png 150w, https:\/\/mappourides.com\/wp-content\/uploads\/team1-36x36.png 36w, https:\/\/mappourides.com\/wp-content\/uploads\/team1-180x180.png 180w, https:\/\/mappourides.com\/wp-content\/uploads\/team1-120x120.png 120w\" sizes=\"auto, (max-width: 184px) 100vw, 184px\" \/><\/p>\n<h5 style=\"text-align: left;\">Andreas (Rikkos) Mappourides<\/h5>\n<p><strong>Mevki:<\/strong> Direkt\u00f6r \u2013 Y\u00f6netici Avukat<br \/>\n<strong>Lisans E\u011fitimi:<\/strong> Hukuk &#8211; National and Kapodistrian University of Athens<br \/>\n<strong>K\u0131br\u0131s Barosu \u00dcye Oldu\u011fu Y\u0131l:<\/strong> 1983<br \/>\n<strong>Email:<\/strong> <a href=\"mailto:rikkos@mappourides.com\">rikkos@mappourides.com<\/a><\/p>\n<\/div><\/div><\/div>\n\n<\/div><\/div><\/div><!-- close content main div --><\/div><\/div>\n<style type=\"text\/css\" data-created_by=\"avia_inline_auto\" id=\"style-css-av-jq6oengo-3ba8672f042c966cfe276a23217f46ca\">\n.avia-section.av-jq6oengo-3ba8672f042c966cfe276a23217f46ca{\nbackground-color:#ffffff;\nbackground-image:unset;\n}\n<\/style>\n<div id='people2'  class='avia-section av-jq6oengo-3ba8672f042c966cfe276a23217f46ca main_color avia-section-default avia-no-border-styling  avia-builder-el-6  el_after_av_section  el_before_av_section  avia-bg-style-scroll container_wrap sidebar_right'  ><div class='container av-section-cont-open' ><div class='template-page content  av-content-small alpha units'><div class='post-entry post-entry-type-page post-entry-4756'><div class='entry-content-wrapper clearfix'>\n\n<style type=\"text\/css\" data-created_by=\"avia_inline_auto\" id=\"style-css-av-aysevi-bb2f8c79f6fcbc61f9f0362fcf5b82e4\">\n.flex_column.av-aysevi-bb2f8c79f6fcbc61f9f0362fcf5b82e4{\nborder-radius:0px 0px 0px 0px;\npadding:0px 0px 0px 0px;\n}\n<\/style>\n<div  class='flex_column av-aysevi-bb2f8c79f6fcbc61f9f0362fcf5b82e4 av_one_full  avia-builder-el-7  avia-builder-el-no-sibling  first flex_column_div av-zero-column-padding  '     ><div  class='av_promobox av-jq6obxp7-b65960d403d3c2bf373d73e1deaddeb9 avia-button-no  avia-builder-el-8  avia-builder-el-no-sibling '><div class='avia-promocontent'><p>\n<img loading=\"lazy\" decoding=\"async\" class=\"size-full wp-image-4735 alignleft\" src=\"http:\/\/mappourides.com\/wp-content\/uploads\/team_ioanna_char.png\" alt=\"\" width=\"184\" height=\"184\" srcset=\"https:\/\/mappourides.com\/wp-content\/uploads\/team_ioanna_char.png 184w, https:\/\/mappourides.com\/wp-content\/uploads\/team_ioanna_char-150x150.png 150w, https:\/\/mappourides.com\/wp-content\/uploads\/team_ioanna_char-36x36.png 36w, https:\/\/mappourides.com\/wp-content\/uploads\/team_ioanna_char-180x180.png 180w, https:\/\/mappourides.com\/wp-content\/uploads\/team_ioanna_char-120x120.png 120w\" sizes=\"auto, (max-width: 184px) 100vw, 184px\" \/><\/p>\n<h5 style=\"text-align: left;\">Ioanna Charalambous<\/h5>\n<p><strong>Mevki:<\/strong> Avukat<br \/>\n<strong>Lisans E\u011fitimi:<\/strong> Hukuk &#8211; Democritus University of Thrace<br \/>\n<strong>K\u0131br\u0131s Barosu \u00dcye Oldu\u011fu Y\u0131l:<\/strong> 2013<br \/>\n<strong>Email:<\/strong> <a href=\"mailto:i.charalambous@mappourides.com\">i.charalambous@mappourides.com<\/a><\/p>\n<\/div><\/div><\/div>\n\n<\/div><\/div><\/div><!-- close content main div --><\/div><\/div>\n<style type=\"text\/css\" data-created_by=\"avia_inline_auto\" id=\"style-css-av-jq6oengo-b1056076fcfd76d7e52822b0c4825a58\">\n.avia-section.av-jq6oengo-b1056076fcfd76d7e52822b0c4825a58{\nbackground-color:#ffffff;\nbackground-image:unset;\n}\n<\/style>\n<div id='people3'  class='avia-section av-jq6oengo-b1056076fcfd76d7e52822b0c4825a58 main_color avia-section-default avia-no-border-styling  avia-builder-el-9  el_after_av_section  el_before_av_section  avia-bg-style-scroll container_wrap sidebar_right'  ><div class='container av-section-cont-open' ><div class='template-page content  av-content-small alpha units'><div class='post-entry post-entry-type-page post-entry-4756'><div class='entry-content-wrapper clearfix'>\n\n<style type=\"text\/css\" data-created_by=\"avia_inline_auto\" id=\"style-css-av-aysevi-bb2f8c79f6fcbc61f9f0362fcf5b82e4\">\n.flex_column.av-aysevi-bb2f8c79f6fcbc61f9f0362fcf5b82e4{\nborder-radius:0px 0px 0px 0px;\npadding:0px 0px 0px 0px;\n}\n<\/style>\n<div  class='flex_column av-aysevi-bb2f8c79f6fcbc61f9f0362fcf5b82e4 av_one_full  avia-builder-el-10  avia-builder-el-no-sibling  first flex_column_div av-zero-column-padding  '     ><div  class='av_promobox av-jq6obxp7-b65960d403d3c2bf373d73e1deaddeb9 avia-button-no  avia-builder-el-11  avia-builder-el-no-sibling '><div class='avia-promocontent'><p>\n<img loading=\"lazy\" decoding=\"async\" class=\"size-full wp-image-4731 alignleft\" src=\"http:\/\/mappourides.com\/wp-content\/uploads\/team_daphni.png\" alt=\"\" width=\"184\" height=\"184\" srcset=\"https:\/\/mappourides.com\/wp-content\/uploads\/team_daphni.png 184w, https:\/\/mappourides.com\/wp-content\/uploads\/team_daphni-150x150.png 150w, https:\/\/mappourides.com\/wp-content\/uploads\/team_daphni-36x36.png 36w, https:\/\/mappourides.com\/wp-content\/uploads\/team_daphni-180x180.png 180w, https:\/\/mappourides.com\/wp-content\/uploads\/team_daphni-120x120.png 120w\" sizes=\"auto, (max-width: 184px) 100vw, 184px\" \/><\/p>\n<h5 style=\"text-align: left;\">Daphne Mappouridou<\/h5>\n<p><strong>Mevki:<\/strong> Avukat<br \/>\n<strong>Lisans E\u011fitimi:<\/strong>\u00a0 LLB Hukuk \u2013 University of Salford<br \/>\n<strong>Y\u00fcksek Lisans E\u011fitimi:<\/strong> MSc Human Resource Management &amp; Development \u2013 University of Salford<br \/>\n<strong>K\u0131br\u0131s Barosu \u00dcye Oldu\u011fu Y\u0131l:<\/strong> 2016<br \/>\n<strong>Email:<\/strong> <a href=\"mailto:daphne@mappourides.com\">daphne@mappourides.com<\/a><\/p>\n<\/div><\/div><\/div>\n\n<\/div><\/div><\/div><!-- close content main div --><\/div><\/div>\n<style type=\"text\/css\" data-created_by=\"avia_inline_auto\" id=\"style-css-av-jq6oengo-bdf31474da5a04663e2c4d4f2fab841e\">\n.avia-section.av-jq6oengo-bdf31474da5a04663e2c4d4f2fab841e{\nbackground-color:#ffffff;\nbackground-image:unset;\n}\n<\/style>\n<div id='people4'  class='avia-section av-jq6oengo-bdf31474da5a04663e2c4d4f2fab841e main_color avia-section-default avia-no-border-styling  avia-builder-el-12  el_after_av_section  el_before_av_section  avia-bg-style-scroll container_wrap sidebar_right'  ><div class='container av-section-cont-open' ><div class='template-page content  av-content-small alpha units'><div class='post-entry post-entry-type-page post-entry-4756'><div class='entry-content-wrapper clearfix'>\n\n<style type=\"text\/css\" data-created_by=\"avia_inline_auto\" id=\"style-css-av-aysevi-bb2f8c79f6fcbc61f9f0362fcf5b82e4\">\n.flex_column.av-aysevi-bb2f8c79f6fcbc61f9f0362fcf5b82e4{\nborder-radius:0px 0px 0px 0px;\npadding:0px 0px 0px 0px;\n}\n<\/style>\n<div  class='flex_column av-aysevi-bb2f8c79f6fcbc61f9f0362fcf5b82e4 av_one_full  avia-builder-el-13  avia-builder-el-no-sibling  first flex_column_div av-zero-column-padding  '     ><div  class='av_promobox av-jq6obxp7-b65960d403d3c2bf373d73e1deaddeb9 avia-button-no  avia-builder-el-14  avia-builder-el-no-sibling '><div class='avia-promocontent'><p>\n<img loading=\"lazy\" decoding=\"async\" class=\"size-full wp-image-4614 alignleft\" src=\"http:\/\/mappourides.com\/wp-content\/uploads\/team_no_person.png\" alt=\"\" width=\"184\" height=\"184\" srcset=\"https:\/\/mappourides.com\/wp-content\/uploads\/team_no_person.png 184w, https:\/\/mappourides.com\/wp-content\/uploads\/team_no_person-150x150.png 150w, https:\/\/mappourides.com\/wp-content\/uploads\/team_no_person-36x36.png 36w, https:\/\/mappourides.com\/wp-content\/uploads\/team_no_person-180x180.png 180w, https:\/\/mappourides.com\/wp-content\/uploads\/team_no_person-120x120.png 120w\" sizes=\"auto, (max-width: 184px) 100vw, 184px\" \/><\/p>\n<h5 style=\"text-align: left;\">Christos Kounias<\/h5>\n<p><strong>Mevki:<\/strong> Associate \u2013 Avukat<br \/>\n<strong>Lisans E\u011fitimi:<\/strong> Hukuk \u2013 Aristotle University of Thessaloniki<\/p>\n<\/div><\/div><\/div>\n\n<\/div><\/div><\/div><!-- close content main div --><\/div><\/div>\n<style type=\"text\/css\" data-created_by=\"avia_inline_auto\" id=\"style-css-av-jq6oengo-b04dd3632eab3b8f52c295439429716f\">\n.avia-section.av-jq6oengo-b04dd3632eab3b8f52c295439429716f{\nbackground-color:#ffffff;\nbackground-image:unset;\n}\n<\/style>\n<div id='people5'  class='avia-section av-jq6oengo-b04dd3632eab3b8f52c295439429716f main_color avia-section-default avia-no-border-styling  avia-builder-el-15  el_after_av_section  el_before_av_section  avia-bg-style-scroll container_wrap sidebar_right'  ><div class='container av-section-cont-open' ><div class='template-page content  av-content-small alpha units'><div class='post-entry post-entry-type-page post-entry-4756'><div class='entry-content-wrapper clearfix'>\n\n<style type=\"text\/css\" data-created_by=\"avia_inline_auto\" id=\"style-css-av-aysevi-bb2f8c79f6fcbc61f9f0362fcf5b82e4\">\n.flex_column.av-aysevi-bb2f8c79f6fcbc61f9f0362fcf5b82e4{\nborder-radius:0px 0px 0px 0px;\npadding:0px 0px 0px 0px;\n}\n<\/style>\n<div  class='flex_column av-aysevi-bb2f8c79f6fcbc61f9f0362fcf5b82e4 av_one_full  avia-builder-el-16  avia-builder-el-no-sibling  first flex_column_div av-zero-column-padding  '     ><div  class='av_promobox av-jq6obxp7-b65960d403d3c2bf373d73e1deaddeb9 avia-button-no  avia-builder-el-17  avia-builder-el-no-sibling '><div class='avia-promocontent'><p>\n<img loading=\"lazy\" decoding=\"async\" class=\"size-full wp-image-4733 alignleft\" src=\"http:\/\/mappourides.com\/wp-content\/uploads\/team_giorgos_panagi.png\" alt=\"\" width=\"184\" height=\"184\" srcset=\"https:\/\/mappourides.com\/wp-content\/uploads\/team_giorgos_panagi.png 184w, https:\/\/mappourides.com\/wp-content\/uploads\/team_giorgos_panagi-150x150.png 150w, https:\/\/mappourides.com\/wp-content\/uploads\/team_giorgos_panagi-36x36.png 36w, https:\/\/mappourides.com\/wp-content\/uploads\/team_giorgos_panagi-180x180.png 180w, https:\/\/mappourides.com\/wp-content\/uploads\/team_giorgos_panagi-120x120.png 120w\" sizes=\"auto, (max-width: 184px) 100vw, 184px\" \/><\/p>\n<h5 style=\"text-align: left;\">Giorgos Panagi<\/h5>\n<p><strong>Mevki:<\/strong> \u00a0\u0130dare &amp; Kalite Y\u00f6netimi<br \/>\n<strong>Lisans E\u011fitimi:<\/strong> BSc \u0130\u015fletme ve Finansal Y\u00f6netim \u2013 University of Salford<br \/>\n<strong>Y\u00fcksek Lisans E\u011fitimi:<\/strong>\u00a0 MSc \u0130nsan Kaynaklar\u0131 Y\u00f6netimi &amp; Geli\u015fimi \u2013 University of Salford<br \/>\n<strong>Email:<\/strong>\u00a0<a href=\"mailto:g.panagi@mappourides.com\">g.panagi@mappourides.com<\/a><\/p>\n<\/div><\/div><\/div>\n\n<\/div><\/div><\/div><!-- close content main div --><\/div><\/div>\n<style type=\"text\/css\" data-created_by=\"avia_inline_auto\" id=\"style-css-av-jq6oengo-03350118688c636393ab778de2512f50\">\n.avia-section.av-jq6oengo-03350118688c636393ab778de2512f50{\nbackground-color:#ffffff;\nbackground-image:unset;\n}\n<\/style>\n<div id='people6'  class='avia-section av-jq6oengo-03350118688c636393ab778de2512f50 main_color avia-section-default avia-no-border-styling  avia-builder-el-18  el_after_av_section  el_before_av_section  avia-bg-style-scroll container_wrap sidebar_right'  ><div class='container av-section-cont-open' ><div class='template-page content  av-content-small alpha units'><div class='post-entry post-entry-type-page post-entry-4756'><div class='entry-content-wrapper clearfix'>\n\n<style type=\"text\/css\" data-created_by=\"avia_inline_auto\" id=\"style-css-av-aysevi-bb2f8c79f6fcbc61f9f0362fcf5b82e4\">\n.flex_column.av-aysevi-bb2f8c79f6fcbc61f9f0362fcf5b82e4{\nborder-radius:0px 0px 0px 0px;\npadding:0px 0px 0px 0px;\n}\n<\/style>\n<div  class='flex_column av-aysevi-bb2f8c79f6fcbc61f9f0362fcf5b82e4 av_one_full  avia-builder-el-19  avia-builder-el-no-sibling  first flex_column_div av-zero-column-padding  '     ><div  class='av_promobox av-jq6obxp7-b65960d403d3c2bf373d73e1deaddeb9 avia-button-no  avia-builder-el-20  avia-builder-el-no-sibling '><div class='avia-promocontent'><p>\n<img loading=\"lazy\" decoding=\"async\" class=\"size-full wp-image-4739 alignleft\" src=\"http:\/\/mappourides.com\/wp-content\/uploads\/team_marina.png\" alt=\"\" width=\"184\" height=\"184\" srcset=\"https:\/\/mappourides.com\/wp-content\/uploads\/team_marina.png 184w, https:\/\/mappourides.com\/wp-content\/uploads\/team_marina-150x150.png 150w, https:\/\/mappourides.com\/wp-content\/uploads\/team_marina-36x36.png 36w, https:\/\/mappourides.com\/wp-content\/uploads\/team_marina-180x180.png 180w, https:\/\/mappourides.com\/wp-content\/uploads\/team_marina-120x120.png 120w\" sizes=\"auto, (max-width: 184px) 100vw, 184px\" \/><\/p>\n<h5 style=\"text-align: left;\">Marina Michael<\/h5>\n<p><strong>Mevki:\u00a0<\/strong> Sekreter<br \/>\n<strong>Lisans E\u011fitimi:<\/strong> Sekreterlik Lisans\u0131 \u2013 Frederick Institute<br \/>\n<strong>Email:<\/strong> <a href=\"mailto:info@mappourides.com\">info@mappourides.com<\/a><\/p>\n<\/div><\/div><\/div>\n\n<\/div><\/div><\/div><!-- close content main div --><\/div><\/div>\n<style type=\"text\/css\" data-created_by=\"avia_inline_auto\" id=\"style-css-av-jq6oengo-16cdab439b9dcbd2d3b86398d17104a6\">\n.avia-section.av-jq6oengo-16cdab439b9dcbd2d3b86398d17104a6{\nbackground-color:#ffffff;\nbackground-image:unset;\n}\n<\/style>\n<div id='people7'  class='avia-section av-jq6oengo-16cdab439b9dcbd2d3b86398d17104a6 main_color avia-section-default avia-no-border-styling  avia-builder-el-21  el_after_av_section  el_before_av_section  avia-bg-style-scroll container_wrap sidebar_right'  ><div class='container av-section-cont-open' ><div class='template-page content  av-content-small alpha units'><div class='post-entry post-entry-type-page post-entry-4756'><div class='entry-content-wrapper clearfix'>\n\n<style type=\"text\/css\" data-created_by=\"avia_inline_auto\" id=\"style-css-av-aysevi-bb2f8c79f6fcbc61f9f0362fcf5b82e4\">\n.flex_column.av-aysevi-bb2f8c79f6fcbc61f9f0362fcf5b82e4{\nborder-radius:0px 0px 0px 0px;\npadding:0px 0px 0px 0px;\n}\n<\/style>\n<div  class='flex_column av-aysevi-bb2f8c79f6fcbc61f9f0362fcf5b82e4 av_one_full  avia-builder-el-22  avia-builder-el-no-sibling  first flex_column_div av-zero-column-padding  '     ><div  class='av_promobox av-jq6obxp7-b65960d403d3c2bf373d73e1deaddeb9 avia-button-no  avia-builder-el-23  avia-builder-el-no-sibling '><div class='avia-promocontent'><p>\n<img loading=\"lazy\" decoding=\"async\" class=\"alignleft wp-image-4783 size-full\" src=\"http:\/\/mappourides.com\/wp-content\/uploads\/team_no_person.png\" alt=\"\" width=\"184\" height=\"184\" srcset=\"https:\/\/mappourides.com\/wp-content\/uploads\/team_no_person.png 184w, https:\/\/mappourides.com\/wp-content\/uploads\/team_no_person-150x150.png 150w, https:\/\/mappourides.com\/wp-content\/uploads\/team_no_person-36x36.png 36w, https:\/\/mappourides.com\/wp-content\/uploads\/team_no_person-180x180.png 180w, https:\/\/mappourides.com\/wp-content\/uploads\/team_no_person-120x120.png 120w\" sizes=\"auto, (max-width: 184px) 100vw, 184px\" \/><\/p>\n<h5 style=\"text-align: left;\">Christodoulos Koliandris<\/h5>\n<p><strong>Mevki:<\/strong> Y\u00f6netici &#8211; Muhasebe<br \/>\n<strong>Lisans E\u011fitimi:<\/strong> Hukuk &#8211; National and Kapodistrian University of Athens<br \/>\n<strong>Tecr\u00fcbe:<\/strong> 31 y\u0131l Laiki Bankas\u0131\u2019nda Bankac\u0131l\u0131k tecr\u00fcbesi<br \/>\n<strong>Email:<\/strong> <a href=\"mailto:l.koliandris@mappourides.com\">l.koliandris@mappourides.com<\/a><\/p>\n<\/div><\/div><\/div><\/div><\/div><\/div><!-- close content main div --><\/div><\/div>\n<style type=\"text\/css\" data-created_by=\"avia_inline_auto\" id=\"style-css-av-jq6oengo-e64b50371f26e4291b38506c29e3f0d0\">\n.avia-section.av-jq6oengo-e64b50371f26e4291b38506c29e3f0d0{\nbackground-color:#ffffff;\nbackground-image:unset;\n}\n<\/style>\n<div id='people8'  class='avia-section av-jq6oengo-e64b50371f26e4291b38506c29e3f0d0 main_color avia-section-default avia-no-border-styling  avia-builder-el-24  el_after_av_section  avia-builder-el-last  avia-bg-style-scroll container_wrap sidebar_right'  ><div class='container av-section-cont-open' ><div class='template-page content  av-content-small alpha units'><div class='post-entry post-entry-type-page post-entry-4756'><div class='entry-content-wrapper clearfix'>\n\n<style type=\"text\/css\" data-created_by=\"avia_inline_auto\" id=\"style-css-av-aysevi-bb2f8c79f6fcbc61f9f0362fcf5b82e4\">\n.flex_column.av-aysevi-bb2f8c79f6fcbc61f9f0362fcf5b82e4{\nborder-radius:0px 0px 0px 0px;\npadding:0px 0px 0px 0px;\n}\n<\/style>\n<div  class='flex_column av-aysevi-bb2f8c79f6fcbc61f9f0362fcf5b82e4 av_one_full  avia-builder-el-25  avia-builder-el-no-sibling  first flex_column_div av-zero-column-padding  '     ><div  class='av_promobox av-jq6obxp7-b65960d403d3c2bf373d73e1deaddeb9 avia-button-no  avia-builder-el-26  avia-builder-el-no-sibling '><div class='avia-promocontent'><p>\n<img loading=\"lazy\" decoding=\"async\" class=\"size-full wp-image-4614 alignleft\" src=\"http:\/\/mappourides.com\/wp-content\/uploads\/team_no_person.png\" alt=\"\" width=\"184\" height=\"184\" srcset=\"https:\/\/mappourides.com\/wp-content\/uploads\/team_no_person.png 184w, https:\/\/mappourides.com\/wp-content\/uploads\/team_no_person-150x150.png 150w, https:\/\/mappourides.com\/wp-content\/uploads\/team_no_person-36x36.png 36w, https:\/\/mappourides.com\/wp-content\/uploads\/team_no_person-180x180.png 180w, https:\/\/mappourides.com\/wp-content\/uploads\/team_no_person-120x120.png 120w\" sizes=\"auto, (max-width: 184px) 100vw, 184px\" \/><\/p>\n<h5 style=\"text-align: left;\">Berk Gokhan<\/h5>\n<p><strong>Mevki:<\/strong> Stajyer Avukat<br \/>\n<strong>Lisans E\u011fitimi:\u00a0<\/strong> LLB Hukuk \u2013 University of Hull<br \/>\n<strong>Y\u00fcksek Lisans E\u011fitimi:<\/strong> \u00a0LLM Ticari ve Kurumsal Hukuk \u2013 Erasmus University Rotterdam<br \/>\n<strong>Email:<\/strong> <a href=\"mailto:trainee@mappourides.com\">trainee@mappourides.com<\/a><\/p>\n<\/div><\/div><\/div>\n<\/div><\/div><\/div><!-- close content main div --><\/div><\/div><div id='after_section_10'  class='main_color av_default_container_wrap container_wrap sidebar_right'  ><div class='container av-section-cont-open' ><div class='template-page content  av-content-small alpha units'><div class='post-entry post-entry-type-page post-entry-4756'><div class='entry-content-wrapper clearfix'><\/p>\n","protected":false},"excerpt":{"rendered":"","protected":false},"author":1,"featured_media":0,"parent":0,"menu_order":9,"comment_status":"closed","ping_status":"closed","template":"","meta":{"footnotes":""},"class_list":["post-4756","page","type-page","status-publish","hentry"],"_links":{"self":[{"href":"https:\/\/mappourides.com\/tr\/wp-json\/wp\/v2\/pages\/4756","targetHints":{"allow":["GET"]}}],"collection":[{"href":"https:\/\/mappourides.com\/tr\/wp-json\/wp\/v2\/pages"}],"about":[{"href":"https:\/\/mappourides.com\/tr\/wp-json\/wp\/v2\/types\/page"}],"author":[{"embeddable":true,"href":"https:\/\/mappourides.com\/tr\/wp-json\/wp\/v2\/users\/1"}],"replies":[{"embeddable":true,"href":"https:\/\/mappourides.com\/tr\/wp-json\/wp\/v2\/comments?post=4756"}],"version-history":[{"count":5,"href":"https:\/\/mappourides.com\/tr\/wp-json\/wp\/v2\/pages\/4756\/revisions"}],"predecessor-version":[{"id":5171,"href":"https:\/\/mappourides.com\/tr\/wp-json\/wp\/v2\/pages\/4756\/revisions\/5171"}],"wp:attachment":[{"href":"https:\/\/mappourides.com\/tr\/wp-json\/wp\/v2\/media?parent=4756"}],"curies":[{"name":"wp","href":"https:\/\/api.w.org\/{rel}","templated":true}]}}